{"id":318,"date":"2018-01-22T11:50:30","date_gmt":"2018-01-22T11:50:30","guid":{"rendered":"http:\/\/oberschule-geestemuende.de\/?page_id=318"},"modified":"2026-04-02T16:38:54","modified_gmt":"2026-04-02T14:38:54","slug":"impressum","status":"publish","type":"page","link":"https:\/\/www.oberschule-geestemuende.de\/?page_id=318","title":{"rendered":"Impressum"},"content":{"rendered":"<p><b>Angaben gem\u00e4\u00df \u00a7 5 TMG<\/b><\/p>\n<p>Oberschule Geestem\u00fcnde<br \/>\nHamburger Str. 20-22<br \/>\n27570 Bremerhaven<\/p>\n<p>Telefon: 0471 \/ 590 46 30<br \/>\nE-Mail: OBS.Geestemuende@schule.bremerhaven.de<br \/>\nWebsite: www.oberschule-geestemuende.de<\/p>\n<p><b>Vertreten durch<\/b><\/p>\n<p>Schulleitung:<br \/>\nStephan Penning (stellv. Direktor)<\/p>\n<p><b>Schultr\u00e4ger<\/b><\/p>\n<p>Magistrat der Stadt Bremerhaven<br \/>\nSchulamt<br \/>\nHinrich-Schmalfeldt-Stra\u00dfe 40<br \/>\nStadthaus 2<br \/>\n27576 Bremerhaven<\/p>\n<p><b>Aufsichtsbeh\u00f6rde<\/b><\/p>\n<p>Magistrat der Stadt Bremerhaven<br \/>\nSchulamt<br \/>\nHinrich-Schmalfeldt-Stra\u00dfe 40<br \/>\nStadthaus 2<br \/>\n27576 Bremerhaven<\/p>\n<p><b>Verantwortlich f\u00fcr den Inhalt nach \u00a7 55 Abs. 2 RStV<\/b><\/p>\n<p>Stephan Penning (stellv. Direktor)<br \/>\nOberschule Geestem\u00fcnde<br \/>\nHamburger Str. 20-22<br \/>\n27570 Bremerhaven<\/p>\n<p><b>Haftung f\u00fcr Inhalte<\/b><\/p>\n<p>Die Inhalte unserer Seiten wurden mit gr\u00f6\u00dfter Sorgfalt erstellt. F\u00fcr die Richtigkeit, Vollst\u00e4ndigkeit und Aktualit\u00e4t der Inhalte k\u00f6nnen wir jedoch keine Gew\u00e4hr \u00fcbernehmen.<\/p>\n<p><b>Haftung f\u00fcr Links<\/b><\/p>\n<p>Unsere Website enth\u00e4lt Links zu externen Websites Dritter, auf deren Inhalte wir keinen Einfluss haben.<\/p>\n<p><b>Urheberrecht<\/b><\/p>\n<p>Die durch die Seitenbetreiber erstellten Inhalte und Werke auf diesen Seiten unterliegen dem deutschen Urheberrecht.<\/p>\n<p><b>Streitbeilegung<\/b><\/p>\n<p>Die Europ\u00e4ische Kommission stellt eine Plattform zur Online-Streitbeilegung (OS) bereit: https:\/\/ec.europa.eu\/consumers\/odr\/<\/p>\n<p>Wir sind nicht verpflichtet und nicht bereit, an Streitbeilegungsverfahren vor einer Verbraucherschlichtungsstelle teilzunehmen.<\/p>\n","protected":false},"excerpt":{"rendered":"<p>Angaben gem\u00e4\u00df \u00a7 5 TMG Oberschule Geestem\u00fcnde Hamburger Str. 20-22 27570 Bremerhaven Telefon: 0471 \/ 590 46 30 E-Mail: OBS.Geestemuende@schule.bremerhaven.de Website: www.oberschule-geestemuende.de Vertreten durch Schulleitung: Stephan Penning (stellv. Direktor) Schultr\u00e4ger Magistrat der Stadt Bremerhaven Schulamt Hinrich-Schmalfeldt-Stra\u00dfe 40 Stadthaus 2 27576 &hellip; <a href=\"https:\/\/www.oberschule-geestemuende.de\/?page_id=318\">Weiterlesen <span class=\"meta-nav\">&rarr;<\/span><\/a><\/p>\n","protected":false},"author":2,"featured_media":0,"parent":0,"menu_order":0,"comment_status":"closed","ping_status":"closed","template":"","meta":{"_monsterinsights_skip_tracking":false,"_monsterinsights_sitenote_active":false,"_monsterinsights_sitenote_note":"","_monsterinsights_sitenote_category":0,"footnotes":""},"class_list":["post-318","page","type-page","status-publish","hentry"],"aioseo_notices":[],"_links":{"self":[{"href":"https:\/\/www.oberschule-geestemuende.de\/index.php?rest_route=\/wp\/v2\/pages\/318","targetHints":{"allow":["GET"]}}],"collection":[{"href":"https:\/\/www.oberschule-geestemuende.de\/index.php?rest_route=\/wp\/v2\/pages"}],"about":[{"href":"https:\/\/www.oberschule-geestemuende.de\/index.php?rest_route=\/wp\/v2\/types\/page"}],"author":[{"embeddable":true,"href":"https:\/\/www.oberschule-geestemuende.de\/index.php?rest_route=\/wp\/v2\/users\/2"}],"replies":[{"embeddable":true,"href":"https:\/\/www.oberschule-geestemuende.de\/index.php?rest_route=%2Fwp%2Fv2%2Fcomments&post=318"}],"version-history":[{"count":13,"href":"https:\/\/www.oberschule-geestemuende.de\/index.php?rest_route=\/wp\/v2\/pages\/318\/revisions"}],"predecessor-version":[{"id":4897,"href":"https:\/\/www.oberschule-geestemuende.de\/index.php?rest_route=\/wp\/v2\/pages\/318\/revisions\/4897"}],"wp:attachment":[{"href":"https:\/\/www.oberschule-geestemuende.de\/index.php?rest_route=%2Fwp%2Fv2%2Fmedia&parent=318"}],"curies":[{"name":"wp","href":"https:\/\/api.w.org\/{rel}","templated":true}]}}