{"id":3998,"date":"2021-04-21T20:57:42","date_gmt":"2021-04-21T18:57:42","guid":{"rendered":"http:\/\/oberschule-geestemuende.de\/?page_id=3998"},"modified":"2026-04-03T09:58:43","modified_gmt":"2026-04-03T07:58:43","slug":"schulverein","status":"publish","type":"page","link":"https:\/\/www.oberschule-geestemuende.de\/?page_id=3998","title":{"rendered":"Geestem\u00fcnde International e.V."},"content":{"rendered":"<p data-start=\"70\" data-end=\"424\">Wir unterst\u00fctzen unsere Schule dort, wo zus\u00e4tzliche Mittel gebraucht werden \u2013 f\u00fcr Projekte, Anschaffungen, Veranstaltungen und besondere Aktionen, die den Schulalltag bereichern. Gemeinsam mit Eltern, Lehrkr\u00e4ften und engagierten Unterst\u00fctzern helfen wir dabei, unseren Sch\u00fclerinnen und Sch\u00fclern bestm\u00f6gliche Lern- und Entwicklungsm\u00f6glichkeiten zu bieten.<\/p>\n<p data-start=\"426\" data-end=\"495\" data-is-last-node=\"\" data-is-only-node=\"\">Werden Sie Teil unseres F\u00f6rdervereins \u2013 <strong data-start=\"466\" data-end=\"495\" data-is-last-node=\"\">jede Unterst\u00fctzung z\u00e4hlt!<\/strong><\/p>\n<p>Folgen Sie uns:<br \/>Instagram: @osg_international_e.v<br \/>YouTube: osgInternationalev<\/p>\n\n","protected":false},"excerpt":{"rendered":"<p>Wir unterst\u00fctzen unsere Schule dort, wo zus\u00e4tzliche Mittel gebraucht werden \u2013 f\u00fcr Projekte, Anschaffungen, Veranstaltungen und besondere Aktionen, die den Schulalltag bereichern. Gemeinsam mit Eltern, Lehrkr\u00e4ften und engagierten Unterst\u00fctzern helfen wir dabei, unseren Sch\u00fclerinnen und Sch\u00fclern bestm\u00f6gliche Lern- und Entwicklungsm\u00f6glichkeiten &hellip; <a href=\"https:\/\/www.oberschule-geestemuende.de\/?page_id=3998\">Weiterlesen <span class=\"meta-nav\">&rarr;<\/span><\/a><\/p>\n","protected":false},"author":2,"featured_media":0,"parent":0,"menu_order":7,"comment_status":"closed","ping_status":"closed","template":"","meta":{"_monsterinsights_skip_tracking":false,"_monsterinsights_sitenote_active":false,"_monsterinsights_sitenote_note":"","_monsterinsights_sitenote_category":0,"footnotes":""},"class_list":["post-3998","page","type-page","status-publish","hentry"],"aioseo_notices":[],"_links":{"self":[{"href":"https:\/\/www.oberschule-geestemuende.de\/index.php?rest_route=\/wp\/v2\/pages\/3998","targetHints":{"allow":["GET"]}}],"collection":[{"href":"https:\/\/www.oberschule-geestemuende.de\/index.php?rest_route=\/wp\/v2\/pages"}],"about":[{"href":"https:\/\/www.oberschule-geestemuende.de\/index.php?rest_route=\/wp\/v2\/types\/page"}],"author":[{"embeddable":true,"href":"https:\/\/www.oberschule-geestemuende.de\/index.php?rest_route=\/wp\/v2\/users\/2"}],"replies":[{"embeddable":true,"href":"https:\/\/www.oberschule-geestemuende.de\/index.php?rest_route=%2Fwp%2Fv2%2Fcomments&post=3998"}],"version-history":[{"count":8,"href":"https:\/\/www.oberschule-geestemuende.de\/index.php?rest_route=\/wp\/v2\/pages\/3998\/revisions"}],"predecessor-version":[{"id":4908,"href":"https:\/\/www.oberschule-geestemuende.de\/index.php?rest_route=\/wp\/v2\/pages\/3998\/revisions\/4908"}],"wp:attachment":[{"href":"https:\/\/www.oberschule-geestemuende.de\/index.php?rest_route=%2Fwp%2Fv2%2Fmedia&parent=3998"}],"curies":[{"name":"wp","href":"https:\/\/api.w.org\/{rel}","templated":true}]}}