{"id":40,"date":"2018-01-12T09:20:47","date_gmt":"2018-01-12T09:20:47","guid":{"rendered":"http:\/\/oberschule-geestemuende.de\/?page_id=40"},"modified":"2026-04-03T09:56:02","modified_gmt":"2026-04-03T07:56:02","slug":"startseite","status":"publish","type":"page","link":"https:\/\/www.oberschule-geestemuende.de\/","title":{"rendered":"Herzlich willkommen!"},"content":{"rendered":"<p data-start=\"69\" data-end=\"383\">Unsere Schule steht f\u00fcr modernes Lernen, gegenseitigen Respekt und eine starke Gemeinschaft. Wir begleiten unsere Sch\u00fclerinnen und Sch\u00fcler auf ihrem Weg zu einem erfolgreichen Schulabschluss \u2013 mit zeitgem\u00e4\u00dfem Unterricht, digitalen Lernmethoden und einem vielf\u00e4ltigen Angebot an Projekten und Arbeitsgemeinschaften.<\/p>\n<p data-start=\"385\" data-end=\"603\">Dabei ist es uns wichtig, nicht nur Wissen zu vermitteln, sondern auch pers\u00f6nliche St\u00e4rken zu f\u00f6rdern: Teamf\u00e4higkeit, Verantwortung, Kreativit\u00e4t und Selbstst\u00e4ndigkeit spielen in unserem Schulalltag eine zentrale Rolle.<\/p>\n<p data-start=\"605\" data-end=\"828\">Auf unserer Homepage finden Sie aktuelle Informationen, Termine, Einblicke in das Schulleben sowie wichtige Ansprechpartner. Wir laden Sie herzlich ein, unsere Schule kennenzulernen \u2013 und freuen uns auf den gemeinsamen Weg!<\/p>\n<p data-start=\"830\" data-end=\"890\" data-is-last-node=\"\" data-is-only-node=\"\"><strong data-start=\"830\" data-end=\"890\" data-is-last-node=\"\">Ihre Schulleitung und das Team der Oberschule Geestem\u00fcnde<\/strong><\/p>\n","protected":false},"excerpt":{"rendered":"<p>Unsere Schule steht f\u00fcr modernes Lernen, gegenseitigen Respekt und eine starke Gemeinschaft. Wir begleiten unsere Sch\u00fclerinnen und Sch\u00fcler auf ihrem Weg zu einem erfolgreichen Schulabschluss \u2013 mit zeitgem\u00e4\u00dfem Unterricht, digitalen Lernmethoden und einem vielf\u00e4ltigen Angebot an Projekten und Arbeitsgemeinschaften. Dabei &hellip; <a href=\"https:\/\/www.oberschule-geestemuende.de\/\">Weiterlesen <span class=\"meta-nav\">&rarr;<\/span><\/a><\/p>\n","protected":false},"author":2,"featured_media":0,"parent":0,"menu_order":0,"comment_status":"closed","ping_status":"closed","template":"","meta":{"_monsterinsights_skip_tracking":false,"_monsterinsights_sitenote_active":false,"_monsterinsights_sitenote_note":"","_monsterinsights_sitenote_category":0,"footnotes":""},"class_list":["post-40","page","type-page","status-publish","hentry"],"aioseo_notices":[],"_links":{"self":[{"href":"https:\/\/www.oberschule-geestemuende.de\/index.php?rest_route=\/wp\/v2\/pages\/40","targetHints":{"allow":["GET"]}}],"collection":[{"href":"https:\/\/www.oberschule-geestemuende.de\/index.php?rest_route=\/wp\/v2\/pages"}],"about":[{"href":"https:\/\/www.oberschule-geestemuende.de\/index.php?rest_route=\/wp\/v2\/types\/page"}],"author":[{"embeddable":true,"href":"https:\/\/www.oberschule-geestemuende.de\/index.php?rest_route=\/wp\/v2\/users\/2"}],"replies":[{"embeddable":true,"href":"https:\/\/www.oberschule-geestemuende.de\/index.php?rest_route=%2Fwp%2Fv2%2Fcomments&post=40"}],"version-history":[{"count":18,"href":"https:\/\/www.oberschule-geestemuende.de\/index.php?rest_route=\/wp\/v2\/pages\/40\/revisions"}],"predecessor-version":[{"id":4907,"href":"https:\/\/www.oberschule-geestemuende.de\/index.php?rest_route=\/wp\/v2\/pages\/40\/revisions\/4907"}],"wp:attachment":[{"href":"https:\/\/www.oberschule-geestemuende.de\/index.php?rest_route=%2Fwp%2Fv2%2Fmedia&parent=40"}],"curies":[{"name":"wp","href":"https:\/\/api.w.org\/{rel}","templated":true}]}}